{"id":4200,"date":"2020-07-20T07:24:36","date_gmt":"2020-07-20T07:24:36","guid":{"rendered":"http:\/\/ulusotoyedekparca.com\/?post_type=product&#038;p=4200"},"modified":"2024-12-09T20:55:22","modified_gmt":"2024-12-09T20:55:22","slug":"renault-clio-2-panjur-armasi","status":"publish","type":"product","link":"https:\/\/ulusotoyedekparca.com\/?product=renault-clio-2-panjur-armasi","title":{"rendered":"RENAULT CL\u0130O 2 PANJUR ARMASI"},"content":{"rendered":"<p>S\u0130Z DE\u011eERL\u0130 M\u00dc\u015eTER\u0130LER\u0130M\u0130ZE DAHA KAL\u0130TEL\u0130 H\u0130ZMET VEREB\u0130LMEM\u0130Z \u0130\u00c7\u0130N ARACINIZIN \u015eASE NUMARASINI B\u0130ZLERE \u0130LET\u0130N. ALMAK \u0130STED\u0130\u011e\u0130N\u0130Z \u00dcR\u00dcN\u00dcN ARACINIZLA UYUMLU OLUP OLMADI\u011eININ TEY\u0130D\u0130N\u0130 YAPALIM.<\/p>\n<p>NAK\u0130T -KRED\u0130 KARTI VE MA\u0130LORDER \u0130LE \u00d6DEME YAPAB\u0130L\u0130RS\u0130N\u0130Z.<br \/>\n(A\u00c7IK HESAP VE VERES\u0130YE H\u0130ZMET POL\u0130T\u0130KAMIZ DI\u015eINDADIR.)<\/p>\n<p>\u0130STED\u0130\u011e\u0130N\u0130Z \u00dcR\u00dcN VE MARKANIN DI\u015eINDA \u00dcR\u00dcN TESL\u0130M ED\u0130LMEZ.<\/p>\n<p>WHATSAPP+M\u00dc\u015eTER\u0130 DESTEK TELEFONUMUZ MESA\u0130 SAATLER\u0130 \u0130\u00c7\u0130NDE AKT\u0130FT\u0130R.<\/p>\n<p>HAFTA \u0130\u00c7\u0130 : 08:30 \u2013 19:00<\/p>\n<p>CUMARTES\u0130 : 08:30 \u2013 17:00<\/p>\n<p>WHATSAPP \u2013 M\u00dc\u015eTER\u0130 DESTEK NUMARAMIZ ; 0(538) 354 97 57<\/p>\n","protected":false},"excerpt":{"rendered":"<p>8200259267 PANJUR ARMASI<\/p>\n<p>RENAULT CL\u0130O 2<\/p>\n","protected":false},"featured_media":4201,"template":"","meta":[],"product_cat":[311],"product_tag":[250,249],"class_list":{"0":"post-4200","1":"product","2":"type-product","3":"status-publish","4":"has-post-thumbnail","6":"product_cat-renault","7":"product_tag-250","8":"product_tag-renault-clio-2-panjur-armasi","9":"pa_arac-markasi-renault","11":"first","12":"instock","13":"shipping-taxable","14":"purchasable","15":"product-type-simple"},"_links":{"self":[{"href":"https:\/\/ulusotoyedekparca.com\/index.php?rest_route=\/wp\/v2\/product\/4200","targetHints":{"allow":["GET"]}}],"collection":[{"href":"https:\/\/ulusotoyedekparca.com\/index.php?rest_route=\/wp\/v2\/product"}],"about":[{"href":"https:\/\/ulusotoyedekparca.com\/index.php?rest_route=\/wp\/v2\/types\/product"}],"version-history":[{"count":1,"href":"https:\/\/ulusotoyedekparca.com\/index.php?rest_route=\/wp\/v2\/product\/4200\/revisions"}],"predecessor-version":[{"id":4350,"href":"https:\/\/ulusotoyedekparca.com\/index.php?rest_route=\/wp\/v2\/product\/4200\/revisions\/4350"}],"wp:featuredmedia":[{"embeddable":true,"href":"https:\/\/ulusotoyedekparca.com\/index.php?rest_route=\/wp\/v2\/media\/4201"}],"wp:attachment":[{"href":"https:\/\/ulusotoyedekparca.com\/index.php?rest_route=%2Fwp%2Fv2%2Fmedia&parent=4200"}],"wp:term":[{"taxonomy":"product_cat","embeddable":true,"href":"https:\/\/ulusotoyedekparca.com\/index.php?rest_route=%2Fwp%2Fv2%2Fproduct_cat&post=4200"},{"taxonomy":"product_tag","embeddable":true,"href":"https:\/\/ulusotoyedekparca.com\/index.php?rest_route=%2Fwp%2Fv2%2Fproduct_tag&post=4200"}],"curies":[{"name":"wp","href":"https:\/\/api.w.org\/{rel}","templated":true}]}}