{"id":15849,"date":"2025-02-07T20:05:41","date_gmt":"2025-02-07T20:05:41","guid":{"rendered":"https:\/\/ulusotoyedekparca.com\/?post_type=product&#038;p=15849"},"modified":"2025-02-07T20:05:42","modified_gmt":"2025-02-07T20:05:42","slug":"241148160r-sigorta-kutusu-renault-megane-4-talisman","status":"publish","type":"product","link":"https:\/\/ulusotoyedekparca.com\/?product=241148160r-sigorta-kutusu-renault-megane-4-talisman","title":{"rendered":"241148160R Sigorta Kutusu Renault Megane 4 Talisman"},"content":{"rendered":"<p>\u00dcr\u00fcn\u00fcm\u00fcz <strong>241148160R Sigorta Kutusu Renault Megane 4 Talisman <\/strong>. Bu \u00dcr\u00fcn\u00fc Ulus Otomotiv olarak sizlere ula\u015ft\u0131rmaktay\u0131z.<\/p>\n<p>\u00dcr\u00fcn stok ve fiyat bilgisi i\u00e7in ileti\u015fime ge\u00e7ebilirsiniz.<\/p>\n<p><strong>Oem Numaras\u0131:<\/strong> <strong>241148160R<\/strong><\/p>\n<p><strong>\u00dcr\u00fcn Markas\u0131 :<\/strong>\u00a0Orjinal<\/p>\n<p>\u00dcr\u00fcnlerin arac\u0131n\u0131za uygun olup olmad\u0131\u011f\u0131n\u0131 do\u011frulamak i\u00e7in l\u00fctfen 0537 691 94 18 \u00a0numaral\u0131 whatsapp hatt\u0131ndan bize ula\u015f\u0131n\u0131z.<\/p>\n<p>&nbsp;<\/p>\n","protected":false},"excerpt":{"rendered":"<p>\u00dcr\u00fcn\u00fcm\u00fcz <strong>241148160R Sigorta Kutusu Renault Megane 4 Talisman <\/strong>. Bu \u00dcr\u00fcn\u00fc Ulus Otomotiv olarak sizlere ula\u015ft\u0131rmaktay\u0131z.<\/p>\n<p>\u00dcr\u00fcn stok ve fiyat bilgisi i\u00e7in ileti\u015fime ge\u00e7ebilirsiniz.<\/p>\n<p><strong>Oem Numaras\u0131:<\/strong> <strong>241148160R<\/strong><\/p>\n<p><strong>\u00dcr\u00fcn Markas\u0131 :<\/strong>\u00a0Orjinal<\/p>\n<p>\u00dcr\u00fcnlerin arac\u0131n\u0131za uygun olup olmad\u0131\u011f\u0131n\u0131 do\u011frulamak i\u00e7in l\u00fctfen 0537 691 94 18 \u00a0numaral\u0131 whatsapp hatt\u0131ndan bize ula\u015f\u0131n\u0131z.<\/p>\n<p>&nbsp;<\/p>\n","protected":false},"featured_media":15850,"template":"","meta":[],"product_cat":[321,311],"product_tag":[398,400,347,194,399,386],"class_list":{"0":"post-15849","1":"product","2":"type-product","3":"status-publish","4":"has-post-thumbnail","6":"product_cat-megane","7":"product_cat-renault","8":"product_tag-241148160r","9":"product_tag-241148160r-sigorta-kutusu-renault-megane-4-talisman","10":"product_tag-megane-4","11":"product_tag-renault","12":"product_tag-sigorta-kutusu","13":"product_tag-talisman","14":"pa_arac-markasi-renault","15":"pa_arac-modeli-megane","16":"pa_arac-modeli-talisman","18":"first","19":"instock","20":"shipping-taxable","21":"product-type-simple"},"_links":{"self":[{"href":"https:\/\/ulusotoyedekparca.com\/index.php?rest_route=\/wp\/v2\/product\/15849","targetHints":{"allow":["GET"]}}],"collection":[{"href":"https:\/\/ulusotoyedekparca.com\/index.php?rest_route=\/wp\/v2\/product"}],"about":[{"href":"https:\/\/ulusotoyedekparca.com\/index.php?rest_route=\/wp\/v2\/types\/product"}],"version-history":[{"count":1,"href":"https:\/\/ulusotoyedekparca.com\/index.php?rest_route=\/wp\/v2\/product\/15849\/revisions"}],"predecessor-version":[{"id":15851,"href":"https:\/\/ulusotoyedekparca.com\/index.php?rest_route=\/wp\/v2\/product\/15849\/revisions\/15851"}],"wp:featuredmedia":[{"embeddable":true,"href":"https:\/\/ulusotoyedekparca.com\/index.php?rest_route=\/wp\/v2\/media\/15850"}],"wp:attachment":[{"href":"https:\/\/ulusotoyedekparca.com\/index.php?rest_route=%2Fwp%2Fv2%2Fmedia&parent=15849"}],"wp:term":[{"taxonomy":"product_cat","embeddable":true,"href":"https:\/\/ulusotoyedekparca.com\/index.php?rest_route=%2Fwp%2Fv2%2Fproduct_cat&post=15849"},{"taxonomy":"product_tag","embeddable":true,"href":"https:\/\/ulusotoyedekparca.com\/index.php?rest_route=%2Fwp%2Fv2%2Fproduct_tag&post=15849"}],"curies":[{"name":"wp","href":"https:\/\/api.w.org\/{rel}","templated":true}]}}