{"id":15837,"date":"2025-02-01T13:05:02","date_gmt":"2025-02-01T13:05:02","guid":{"rendered":"https:\/\/ulusotoyedekparca.com\/?post_type=product&#038;p=15837"},"modified":"2025-02-01T13:15:21","modified_gmt":"2025-02-01T13:15:21","slug":"265550008r-sol-stop-komple-megane-3-coupe","status":"publish","type":"product","link":"https:\/\/ulusotoyedekparca.com\/?product=265550008r-sol-stop-komple-megane-3-coupe","title":{"rendered":"265550008R Sol Stop Komple Megane 3 Coupe"},"content":{"rendered":"<p>\u00dcr\u00fcn\u00fcm\u00fcz\u00a0<strong>265550008R Sol Stop Komple Megane 3 Coupe<\/strong>. Bu \u00dcr\u00fcn\u00fc ULUS Otomotiv olarak sizlere ula\u015ft\u0131rmaktay\u0131z.<\/p>\n<p>\u00dcr\u00fcn stok ve fiyat bilgisi i\u00e7in ileti\u015fime ge\u00e7ebilirsiniz.<\/p>\n<p><strong>Oem Numaras\u0131:<\/strong> 265550008R<\/p>\n<p><strong>\u00dcr\u00fcn Markas\u0131 :<\/strong>\u00a0Orjinal<\/p>\n<p>\u00dcr\u00fcnlerin arac\u0131n\u0131za uygun olup olmad\u0131\u011f\u0131n\u0131 do\u011frulamak i\u00e7in l\u00fctfen 0537 691 94 18 \u00a0numaral\u0131 whatsapp hatt\u0131ndan bize ula\u015f\u0131n\u0131z.<\/p>\n","protected":false},"excerpt":{"rendered":"<p>\u00dcr\u00fcn\u00fcm\u00fcz\u00a0<strong>265550008R Sol Stop Komple Megane 3 Coupe<\/strong>. Bu \u00dcr\u00fcn\u00fc ULUS Otomotiv olarak sizlere ula\u015ft\u0131rmaktay\u0131z.<\/p>\n<p>\u00dcr\u00fcn stok ve fiyat bilgisi i\u00e7in ileti\u015fime ge\u00e7ebilirsiniz.<\/p>\n<p><strong>Oem Numaras\u0131:<\/strong>\u00a0<strong>265500008R<\/strong><\/p>\n<p><strong>\u00dcr\u00fcn Markas\u0131 :<\/strong>\u00a0Orjinal<\/p>\n<p>\u00dcr\u00fcnlerin arac\u0131n\u0131za uygun olup olmad\u0131\u011f\u0131n\u0131 do\u011frulamak i\u00e7in l\u00fctfen 0537 691 94 18 \u00a0numaral\u0131 whatsapp hatt\u0131ndan bize ula\u015f\u0131n\u0131z.<\/p>\n","protected":false},"featured_media":15838,"template":"","meta":[],"product_cat":[321,311],"product_tag":[380,382,378,377,381],"class_list":{"0":"post-15837","1":"product","2":"type-product","3":"status-publish","4":"has-post-thumbnail","6":"product_cat-megane","7":"product_cat-renault","8":"product_tag-265550008r","9":"product_tag-265550008r-sol-stop-komple-megane-3-coupe","10":"product_tag-coupe","11":"product_tag-megane-3","12":"product_tag-sol-stop-komple","13":"pa_arac-markasi-renault","14":"pa_arac-modeli-megane","16":"first","17":"instock","18":"shipping-taxable","19":"product-type-simple"},"_links":{"self":[{"href":"https:\/\/ulusotoyedekparca.com\/index.php?rest_route=\/wp\/v2\/product\/15837","targetHints":{"allow":["GET"]}}],"collection":[{"href":"https:\/\/ulusotoyedekparca.com\/index.php?rest_route=\/wp\/v2\/product"}],"about":[{"href":"https:\/\/ulusotoyedekparca.com\/index.php?rest_route=\/wp\/v2\/types\/product"}],"version-history":[{"count":2,"href":"https:\/\/ulusotoyedekparca.com\/index.php?rest_route=\/wp\/v2\/product\/15837\/revisions"}],"predecessor-version":[{"id":15843,"href":"https:\/\/ulusotoyedekparca.com\/index.php?rest_route=\/wp\/v2\/product\/15837\/revisions\/15843"}],"wp:featuredmedia":[{"embeddable":true,"href":"https:\/\/ulusotoyedekparca.com\/index.php?rest_route=\/wp\/v2\/media\/15838"}],"wp:attachment":[{"href":"https:\/\/ulusotoyedekparca.com\/index.php?rest_route=%2Fwp%2Fv2%2Fmedia&parent=15837"}],"wp:term":[{"taxonomy":"product_cat","embeddable":true,"href":"https:\/\/ulusotoyedekparca.com\/index.php?rest_route=%2Fwp%2Fv2%2Fproduct_cat&post=15837"},{"taxonomy":"product_tag","embeddable":true,"href":"https:\/\/ulusotoyedekparca.com\/index.php?rest_route=%2Fwp%2Fv2%2Fproduct_tag&post=15837"}],"curies":[{"name":"wp","href":"https:\/\/api.w.org\/{rel}","templated":true}]}}