{"id":15834,"date":"2025-02-01T12:41:36","date_gmt":"2025-02-01T12:41:36","guid":{"rendered":"https:\/\/ulusotoyedekparca.com\/?post_type=product&#038;p=15834"},"modified":"2025-02-01T12:41:36","modified_gmt":"2025-02-01T12:41:36","slug":"265500008r-sag-stop-komple-megane-3-coupe","status":"publish","type":"product","link":"https:\/\/ulusotoyedekparca.com\/?product=265500008r-sag-stop-komple-megane-3-coupe","title":{"rendered":"265500008R Sa\u011f Stop Komple Megane 3 Coupe"},"content":{"rendered":"<p>\u00dcr\u00fcn\u00fcm\u00fcz\u00a0<strong>265500008R Sa\u011f Stop Komple Megane 3 Coupe<\/strong>. Bu \u00dcr\u00fcn\u00fc ULUS Otomotiv olarak sizlere ula\u015ft\u0131rmaktay\u0131z.<\/p>\n<p>\u00dcr\u00fcn stok ve fiyat bilgisi i\u00e7in ileti\u015fime ge\u00e7ebilirsiniz.<\/p>\n<p><strong>Oem Numaras\u0131:<\/strong>\u00a0<strong>265500008R<\/strong><\/p>\n<p><strong>\u00dcr\u00fcn Markas\u0131 :<\/strong>\u00a0Orjinal<\/p>\n<p>\u00dcr\u00fcnlerin arac\u0131n\u0131za uygun olup olmad\u0131\u011f\u0131n\u0131 do\u011frulamak i\u00e7in l\u00fctfen 0537 691 94 18 \u00a0numaral\u0131 whatsapp hatt\u0131ndan bize ula\u015f\u0131n\u0131z.<\/p>\n<p>&nbsp;<\/p>\n","protected":false},"excerpt":{"rendered":"<p>\u00dcr\u00fcn\u00fcm\u00fcz\u00a0<strong>265500008R Sa\u011f Stop Komple Megane 3 Coupe<\/strong>. Bu \u00dcr\u00fcn\u00fc ULUS Otomotiv olarak sizlere ula\u015ft\u0131rmaktay\u0131z.<\/p>\n<p>\u00dcr\u00fcn stok ve fiyat bilgisi i\u00e7in ileti\u015fime ge\u00e7ebilirsiniz.<\/p>\n<p><strong>Oem Numaras\u0131:<\/strong>\u00a0<strong>265500008R<\/strong><\/p>\n<p><strong>\u00dcr\u00fcn Markas\u0131 :<\/strong>\u00a0Orjinal<\/p>\n<p>\u00dcr\u00fcnlerin arac\u0131n\u0131za uygun olup olmad\u0131\u011f\u0131n\u0131 do\u011frulamak i\u00e7in l\u00fctfen 0537 691 94 18 \u00a0numaral\u0131 whatsapp hatt\u0131ndan bize ula\u015f\u0131n\u0131z.<\/p>\n<p>&nbsp;<\/p>\n","protected":false},"featured_media":15835,"template":"","meta":[],"product_cat":[321,311],"product_tag":[375,379,378,377,376],"class_list":{"0":"post-15834","1":"product","2":"type-product","3":"status-publish","4":"has-post-thumbnail","6":"product_cat-megane","7":"product_cat-renault","8":"product_tag-265500008r","9":"product_tag-265500008r-sag-stop-komple-megane-3-coupe","10":"product_tag-coupe","11":"product_tag-megane-3","12":"product_tag-sag-stop-komple","13":"pa_arac-markasi-renault","14":"pa_arac-modeli-megane","16":"first","17":"instock","18":"shipping-taxable","19":"product-type-simple"},"_links":{"self":[{"href":"https:\/\/ulusotoyedekparca.com\/index.php?rest_route=\/wp\/v2\/product\/15834","targetHints":{"allow":["GET"]}}],"collection":[{"href":"https:\/\/ulusotoyedekparca.com\/index.php?rest_route=\/wp\/v2\/product"}],"about":[{"href":"https:\/\/ulusotoyedekparca.com\/index.php?rest_route=\/wp\/v2\/types\/product"}],"version-history":[{"count":1,"href":"https:\/\/ulusotoyedekparca.com\/index.php?rest_route=\/wp\/v2\/product\/15834\/revisions"}],"predecessor-version":[{"id":15836,"href":"https:\/\/ulusotoyedekparca.com\/index.php?rest_route=\/wp\/v2\/product\/15834\/revisions\/15836"}],"wp:featuredmedia":[{"embeddable":true,"href":"https:\/\/ulusotoyedekparca.com\/index.php?rest_route=\/wp\/v2\/media\/15835"}],"wp:attachment":[{"href":"https:\/\/ulusotoyedekparca.com\/index.php?rest_route=%2Fwp%2Fv2%2Fmedia&parent=15834"}],"wp:term":[{"taxonomy":"product_cat","embeddable":true,"href":"https:\/\/ulusotoyedekparca.com\/index.php?rest_route=%2Fwp%2Fv2%2Fproduct_cat&post=15834"},{"taxonomy":"product_tag","embeddable":true,"href":"https:\/\/ulusotoyedekparca.com\/index.php?rest_route=%2Fwp%2Fv2%2Fproduct_tag&post=15834"}],"curies":[{"name":"wp","href":"https:\/\/api.w.org\/{rel}","templated":true}]}}